{"id":88,"date":"2021-11-28T10:51:22","date_gmt":"2021-11-28T10:51:22","guid":{"rendered":"https:\/\/kombinat-fr.de\/?page_id=88"},"modified":"2021-11-28T16:15:51","modified_gmt":"2021-11-28T16:15:51","slug":"links-danke","status":"publish","type":"page","link":"https:\/\/kombinat-fr.de\/?page_id=88","title":{"rendered":"Links &#038; Danke"},"content":{"rendered":"\n<p><strong>Jedes Netzwerk und das daraus resultierende Produkt <\/strong><br><strong>ist nur so gut wie jeder seiner Mitwirkenden.<\/strong><\/p>\n\n\n\n<figure class=\"wp-block-image size-full is-resized\"><img loading=\"lazy\" decoding=\"async\" src=\"https:\/\/kombinat-fr.de\/wp-content\/uploads\/2021\/11\/kannen.jpg\" alt=\"\" class=\"wp-image-90\" width=\"371\" height=\"278\" srcset=\"https:\/\/kombinat-fr.de\/wp-content\/uploads\/2021\/11\/kannen.jpg 600w, https:\/\/kombinat-fr.de\/wp-content\/uploads\/2021\/11\/kannen-300x225.jpg 300w\" sizes=\"auto, (max-width: 371px) 100vw, 371px\" \/><\/figure>\n\n\n\n<p><strong>Unser Dank gilt:<\/strong><\/p>\n\n\n\n<p>Dem Weingut Stork f\u00fcr vorz\u00fcgliche Weine, <br>den famosen Selbstgebrannten und Unterst\u00fctzung.<br><a rel=\"noreferrer noopener\" href=\"http:\/\/www.weingut-stork.de\/\" target=\"_blank\">weingu<\/a><a rel=\"noreferrer noopener\" href=\"https:\/\/weingut-stork.de\/\" target=\"_blank\">t<\/a><a rel=\"noreferrer noopener\" href=\"http:\/\/www.weingut-stork.de\/\" target=\"_blank\"> stork<\/a> <a rel=\"noreferrer noopener\" href=\"http:\/\/www.weingut-stork.de\/\" target=\"_blank\"><\/a><br><br>Der Metzgerei H\u00fcgle, <br>die immer sehr hilfreich war und Hochwertiges f\u00fcr unseren Grill liefert.<br><a rel=\"noreferrer noopener\" href=\"https:\/\/www.metzgerei-huegle.de\/\" target=\"_blank\">metzgerei huegle<\/a> <a rel=\"noreferrer noopener\" href=\"https:\/\/www.metzgerei-huegle.de\/\" target=\"_blank\"><\/a><br><br>jan sosein carl, dem kreativen Kopf <br>hinter dieser Seite f\u00fcr die aussergew\u00f6hnliche Zusammenarbeit.<br><a rel=\"noreferrer noopener\" href=\"https:\/\/www.sosign.de\/\" target=\"_blank\">sosign<\/a> <a href=\"https:\/\/sosein.de\" target=\"_blank\" rel=\"noreferrer noopener\"><a rel=\"noreferrer noopener\" href=\"http:\/\/www.sosein.de\/\" target=\"_blank\"><\/a>sosein<\/a><br><br>JC f\u00fcr die exquisite Beratung in punkto Kaffee <br>(schauen sie doch bei ihm in der Freiburger Klarastra\u00dfe 70 vorbei und probieren selbst).  <br><br>Der B\u00e4ckerei Lay f\u00fcr erstklassige Backwaren und Service.<br><a rel=\"noreferrer noopener\" href=\"https:\/\/www.baeckerlay.de\/\" target=\"_blank\">b\u00e4cker lay<\/a> <a rel=\"noreferrer noopener\" href=\"https:\/\/www.baeckerlay.de\/\" target=\"_blank\"><\/a><br><br>Frau Ignigena f\u00fcr Anregungen und Tat bei der Entwicklung unseres Logos.<br><br>Der Firma Schafferer f\u00fcr das Aufzeigen von M\u00f6glichkeiten und Beratung.<br><a rel=\"noreferrer noopener\" href=\"https:\/\/www.schafferer.de\/\" target=\"_blank\">schafferer<\/a> <a rel=\"noreferrer noopener\" href=\"http:\/\/www.ignigena-design.de\/\" target=\"_blank\"><\/a><br><br>Unseren Bauern f\u00fcr Arbeit, Zuverl\u00e4ssigkeit und Qualit\u00e4t.<br>Und unseren Freunden f\u00fcr Engagement und Geduld mit uns und unseren Ideen.<\/p>\n\n\n\n<p><strong>Diese Menschen machen kombinat aus.<\/strong><\/p>\n\n\n\n<p>Und nat\u00fcrlich unsere Kooperationspartnern in Sachen Teamtraining, Outdoor und Coaching: Juergen Mall &amp; Team<br><a rel=\"noreferrer noopener\" href=\"https:\/\/juergen-mall.com\/\" target=\"_blank\">juergen mall<\/a><\/p>\n","protected":false},"excerpt":{"rendered":"<p>Jedes Netzwerk und das daraus resultierende Produkt ist nur so gut wie jeder seiner Mitwirkenden. Unser Dank&hellip;<\/p>\n","protected":false},"author":1,"featured_media":0,"parent":0,"menu_order":0,"comment_status":"closed","ping_status":"closed","template":"","meta":{"footnotes":""},"class_list":["post-88","page","type-page","status-publish","hentry","no-margin"],"_links":{"self":[{"href":"https:\/\/kombinat-fr.de\/index.php?rest_route=\/wp\/v2\/pages\/88","targetHints":{"allow":["GET"]}}],"collection":[{"href":"https:\/\/kombinat-fr.de\/index.php?rest_route=\/wp\/v2\/pages"}],"about":[{"href":"https:\/\/kombinat-fr.de\/index.php?rest_route=\/wp\/v2\/types\/page"}],"author":[{"embeddable":true,"href":"https:\/\/kombinat-fr.de\/index.php?rest_route=\/wp\/v2\/users\/1"}],"replies":[{"embeddable":true,"href":"https:\/\/kombinat-fr.de\/index.php?rest_route=%2Fwp%2Fv2%2Fcomments&post=88"}],"version-history":[{"count":6,"href":"https:\/\/kombinat-fr.de\/index.php?rest_route=\/wp\/v2\/pages\/88\/revisions"}],"predecessor-version":[{"id":135,"href":"https:\/\/kombinat-fr.de\/index.php?rest_route=\/wp\/v2\/pages\/88\/revisions\/135"}],"wp:attachment":[{"href":"https:\/\/kombinat-fr.de\/index.php?rest_route=%2Fwp%2Fv2%2Fmedia&parent=88"}],"curies":[{"name":"wp","href":"https:\/\/api.w.org\/{rel}","templated":true}]}}